{"id":38463,"date":"2025-07-04T18:31:42","date_gmt":"2025-07-04T18:31:42","guid":{"rendered":"https:\/\/private.wearoye.com\/term-condition\/"},"modified":"2026-04-20T17:41:37","modified_gmt":"2026-04-20T17:41:37","slug":"conditions-d-utilisation","status":"publish","type":"page","link":"https:\/\/private.wearoye.com\/fr\/conditions-d-utilisation\/","title":{"rendered":"Conditions d&rsquo;utilisation"},"content":{"rendered":"<h2>Conditions d&rsquo;utilisation<\/h2>\n<h4><strong>1. Acceptation des conditions<\/strong><\/h4>\n<p data-start=\"280\" data-end=\"499\">En acc\u00e9dant \u00e0 et en passant une commande sur wearoye.com, vous confirmez avoir lu, compris et accept\u00e9 les pr\u00e9sentes Conditions d&rsquo;utilisation.<br data-start=\"421\" data-end=\"424\" \/>Si vous n&rsquo;acceptez pas ces conditions, veuillez ne pas utiliser notre site.<\/p>\n<h4 data-section-id=\"1btp6jd\" data-start=\"506\" data-end=\"531\"><strong data-start=\"510\" data-end=\"531\">2. \u00c0 propos d\u2019OY\u00c9<\/strong><\/h4>\n<p data-start=\"532\" data-end=\"780\">OY\u00c9 (signifiant \u00ab Pouvoir \u00bb en Yoruba) est une marque canadienne de mode pour enfants op\u00e9rant sous le nom commercial <strong data-start=\"649\" data-end=\"661\">WEAR OY\u00c9<\/strong>, bas\u00e9e \u00e0 Brossard, Qu\u00e9bec, Canada.<br data-start=\"696\" data-end=\"699\" \/>Nous transformons les \u0153uvres d&rsquo;art originales des enfants en v\u00eatements premium.<\/p>\n<p data-start=\"782\" data-end=\"808\">Contact : <a rel=\"noopener\" data-start=\"792\" data-end=\"808\">info@wearoye.com<\/a><\/p>\n<h4 data-section-id=\"kgek3n\" data-start=\"815\" data-end=\"844\"><strong data-start=\"819\" data-end=\"844\">3. Produits et tarifs<\/strong><\/h4>\n<p data-start=\"846\" data-end=\"1044\"><strong data-start=\"846\" data-end=\"856\">Prix :<\/strong><br data-start=\"856\" data-end=\"859\" \/>Tous les prix sont affich\u00e9s en dollars canadiens (CAD) et sont assujettis aux taxes applicables (TPS et TVQ pour les r\u00e9sidents du Qu\u00e9bec).<br data-start=\"997\" data-end=\"1000\" \/>Les prix peuvent \u00eatre modifi\u00e9s sans pr\u00e9avis.<\/p>\n<p data-start=\"1046\" data-end=\"1263\"><strong data-start=\"1046\" data-end=\"1078\">Disponibilit\u00e9 des produits :<\/strong><br data-start=\"1078\" data-end=\"1081\" \/>Tous les produits sont soumis \u00e0 disponibilit\u00e9. Si un produit devient indisponible apr\u00e8s votre commande, nous vous en informerons rapidement et proc\u00e9derons \u00e0 un remboursement complet.<\/p>\n<p data-start=\"1265\" data-end=\"1464\"><strong data-start=\"1265\" data-end=\"1289\">Couleurs et images :<\/strong><br data-start=\"1289\" data-end=\"1292\" \/>Nous faisons tout notre possible pour afficher les couleurs des produits avec pr\u00e9cision. Les couleurs r\u00e9elles peuvent varier l\u00e9g\u00e8rement selon les param\u00e8tres de votre \u00e9cran.<\/p>\n<p data-start=\"1466\" data-end=\"1623\"><strong data-start=\"1466\" data-end=\"1489\">\u00c9ditions limit\u00e9es :<\/strong><br data-start=\"1489\" data-end=\"1492\" \/>Les pi\u00e8ces de la collection <em data-start=\"1520\" data-end=\"1534\">Young Royals<\/em> sont en \u00e9dition limit\u00e9e. Une fois \u00e9puis\u00e9es, elles peuvent ne pas \u00eatre r\u00e9approvisionn\u00e9es.<\/p>\n<h4 data-section-id=\"1m1kpzn\" data-start=\"1630\" data-end=\"1662\"><strong data-start=\"1634\" data-end=\"1662\">4. Commandes et paiement<\/strong><\/h4>\n<p data-start=\"1664\" data-end=\"1831\"><strong data-start=\"1664\" data-end=\"1694\">Confirmation de commande :<\/strong><br data-start=\"1694\" data-end=\"1697\" \/>Vous recevrez un courriel de confirmation apr\u00e8s avoir pass\u00e9 votre commande. Ce courriel constitue notre acceptation de votre commande.<\/p>\n<p data-start=\"1833\" data-end=\"2054\"><strong data-start=\"1833\" data-end=\"1847\">Paiement :<\/strong><br data-start=\"1847\" data-end=\"1850\" \/>Nous acceptons les principales cartes de cr\u00e9dit et autres moyens de paiement disponibles \u00e0 la caisse, trait\u00e9s de fa\u00e7on s\u00e9curis\u00e9e par Stripe (certifi\u00e9 PCI-DSS).<br data-start=\"2009\" data-end=\"2012\" \/>OY\u00c9 ne stocke jamais vos donn\u00e9es de carte.<\/p>\n<p data-start=\"2056\" data-end=\"2312\"><strong data-start=\"2056\" data-end=\"2084\">Annulation de commande :<\/strong><br data-start=\"2084\" data-end=\"2087\" \/>Vous pouvez annuler votre commande dans les 24 heures suivant son placement en contactant <a rel=\"noopener\" data-start=\"2177\" data-end=\"2193\">info@wearoye.com<\/a>.<br data-start=\"2194\" data-end=\"2197\" \/>Au-del\u00e0 de 24 heures, nous ne pouvons garantir l\u2019annulation, car la production ou l\u2019exp\u00e9dition peut avoir commenc\u00e9.<\/p>\n<h4 data-section-id=\"1x4ozdy\" data-start=\"2319\" data-end=\"2339\"><strong data-start=\"2323\" data-end=\"2339\">5. Livraison<\/strong><\/h4>\n<p data-start=\"2340\" data-end=\"2472\">Les conditions, tarifs et d\u00e9lais de livraison sont d\u00e9taill\u00e9s dans notre Politique de livraison :<br data-start=\"2436\" data-end=\"2439\" \/>wearoye.com\/fr\/livraison-delais<\/p>\n<p data-start=\"2474\" data-end=\"2528\">En passant une commande, vous acceptez ces conditions.<\/p>\n<h4 data-section-id=\"bx025s\" data-start=\"2535\" data-end=\"2571\"><strong data-start=\"2539\" data-end=\"2571\">6. Retours et remboursements<\/strong><\/h4>\n<p data-start=\"2572\" data-end=\"2708\">Nos conditions de retour et de remboursement sont d\u00e9taill\u00e9es dans notre Politique de retours :<br data-start=\"2666\" data-end=\"2669\" \/>wearoye.com\/fr\/retours-remboursements<\/p>\n<p data-start=\"2710\" data-end=\"2764\">En passant une commande, vous acceptez ces conditions.<\/p>\n<h4 data-section-id=\"5ikwt8\" data-start=\"2771\" data-end=\"2806\"><strong data-start=\"2775\" data-end=\"2806\">7. Propri\u00e9t\u00e9 intellectuelle<\/strong><\/h4>\n<p data-start=\"2808\" data-end=\"3053\"><strong data-start=\"2808\" data-end=\"2824\">Marque OY\u00c9 :<\/strong><br data-start=\"2824\" data-end=\"2827\" \/>Tous les \u00e9l\u00e9ments de la marque OY\u00c9 \u2014 nom, logo, slogan, design du site, photographies et contenus marketing \u2014 sont la propri\u00e9t\u00e9 exclusive de WEAR OY\u00c9.<br data-start=\"2977\" data-end=\"2980\" \/>Toute reproduction ou utilisation sans autorisation \u00e9crite est interdite.<\/p>\n<p data-start=\"3055\" data-end=\"3376\"><strong data-start=\"3055\" data-end=\"3079\">\u0152uvres des enfants :<\/strong><br data-start=\"3079\" data-end=\"3082\" \/>Les enfants qui soumettent des \u0153uvres \u00e0 OY\u00c9 conservent le cr\u00e9dit moral de leurs dessins.<br data-start=\"3170\" data-end=\"3173\" \/>OY\u00c9 re\u00e7oit une licence non exclusive pour utiliser, reproduire et adapter ces \u0153uvres afin de cr\u00e9er et vendre des produits.<br data-start=\"3295\" data-end=\"3298\" \/>Le jeune artiste est cr\u00e9dit\u00e9 et r\u00e9mun\u00e9r\u00e9 \u00e0 hauteur de <strong data-start=\"3352\" data-end=\"3375\">5 % de chaque vente<\/strong>.<\/p>\n<p data-start=\"3378\" data-end=\"3540\"><strong data-start=\"3378\" data-end=\"3403\">Contenu utilisateur :<\/strong><br data-start=\"3403\" data-end=\"3406\" \/>En soumettant du contenu, vous confirmez que vous avez le droit de le faire et que celui-ci ne porte pas atteinte aux droits de tiers.<\/p>\n<h4 data-section-id=\"1xlch8i\" data-start=\"3547\" data-end=\"3573\"><strong data-start=\"3551\" data-end=\"3573\">8. Mission sociale<\/strong><\/h4>\n<p data-start=\"3574\" data-end=\"3613\">OY\u00c9 s\u2019engage dans une mission sociale :<\/p>\n<ul data-start=\"3615\" data-end=\"3772\">\n<li data-section-id=\"47f9ta\" data-start=\"3615\" data-end=\"3665\">5 % de chaque vente est vers\u00e9 au jeune artiste<\/li>\n<li data-section-id=\"4w2l02\" data-start=\"3666\" data-end=\"3772\">5 % des profits nets sont donn\u00e9s \u00e0 des organisations soutenant l\u2019\u00e9ducation et le bien-\u00eatre des enfants<\/li>\n<\/ul>\n<p data-start=\"3774\" data-end=\"3847\">Ces engagements peuvent \u00e9voluer avec l\u2019entreprise, en toute transparence.<\/p>\n<h4 data-section-id=\"1vsst1o\" data-start=\"3854\" data-end=\"3893\"><strong data-start=\"3858\" data-end=\"3893\">9. Limitation de responsabilit\u00e9<\/strong><\/h4>\n<p data-start=\"3894\" data-end=\"4138\">OY\u00c9 ne peut \u00eatre tenu responsable des dommages indirects, accessoires ou cons\u00e9cutifs r\u00e9sultant de l\u2019utilisation de ses produits ou de son site, dans les limites permises par la loi.<br data-start=\"4075\" data-end=\"4078\" \/>Notre responsabilit\u00e9 est limit\u00e9e \u00e0 la valeur de la commande.<\/p>\n<h4 data-section-id=\"13gn8xs\" data-start=\"4145\" data-end=\"4173\"><strong data-start=\"4149\" data-end=\"4173\">10. Droit applicable<\/strong><\/h4>\n<p data-start=\"4174\" data-end=\"4354\">Les pr\u00e9sentes Conditions sont r\u00e9gies par les lois de la province de Qu\u00e9bec et les lois f\u00e9d\u00e9rales du Canada.<br data-start=\"4281\" data-end=\"4284\" \/>Tout litige rel\u00e8ve de la comp\u00e9tence exclusive des tribunaux du Qu\u00e9bec.<\/p>\n<h4 data-section-id=\"zgy7br\" data-start=\"4361\" data-end=\"4401\"><strong data-start=\"4365\" data-end=\"4401\">11. Modifications des conditions<\/strong><\/h4>\n<p data-start=\"4402\" data-end=\"4637\">Nous nous r\u00e9servons le droit de modifier ces conditions \u00e0 tout moment.<br data-start=\"4472\" data-end=\"4475\" \/>Les changements seront publi\u00e9s sur cette page avec une date de mise \u00e0 jour.<br data-start=\"4550\" data-end=\"4553\" \/>L\u2019utilisation continue du site constitue votre acceptation des nouvelles conditions.<\/p>\n<h4 data-section-id=\"tnaefv\" data-start=\"4644\" data-end=\"4670\"><strong data-start=\"4648\" data-end=\"4670\">12. Nous contacter<\/strong><\/h4>\n<p data-start=\"4671\" data-end=\"4716\">Pour toute question :<br data-start=\"4692\" data-end=\"4695\" \/><img decoding=\"async\" role=\"img\" draggable=\"false\" src=\"https:\/\/s.w.org\/images\/core\/emoji\/17.0.2\/svg\/1f4e7.svg\" alt=\"\ud83d\udce7\" \/> <a rel=\"noopener\" data-start=\"4698\" data-end=\"4714\">info@wearoye.com<\/a><\/p>\n<p data-start=\"4718\" data-end=\"4770\">Nous r\u00e9pondons dans un d\u00e9lai de 48 heures ouvrables.<\/p>\n<p>\u00a0<\/p>\n\n<\/p>\n<p><\/p><!-- \/wp:post-content -->","protected":false},"excerpt":{"rendered":"<p>Conditions d&rsquo;utilisation 1. Acceptation des conditions En acc\u00e9dant \u00e0 et en passant une commande sur wearoye.com, vous confirmez avoir lu, compris et accept\u00e9 les pr\u00e9sentes Conditions d&rsquo;utilisation.Si vous n&rsquo;acceptez pas ces conditions, veuillez ne pas utiliser notre site. 2. \u00c0 propos d\u2019OY\u00c9 OY\u00c9 (signifiant \u00ab Pouvoir \u00bb en Yoruba) est une marque canadienne de mode&#8230;<\/p>\n","protected":false},"author":1,"featured_media":38462,"parent":0,"menu_order":0,"comment_status":"closed","ping_status":"closed","template":"","meta":{"_acf_changed":false,"pmpro_default_level":"","footnotes":""},"class_list":["post-38463","page","type-page","status-publish","has-post-thumbnail","hentry","pmpro-has-access"],"acf":[],"yoast_head":"<!-- This site is optimized with the Yoast SEO plugin v26.6 - https:\/\/yoast.com\/wordpress\/plugins\/seo\/ -->\n<title>Conditions d&#039;utilisation - WearOye<\/title>\n<meta name=\"robots\" content=\"index, follow, max-snippet:-1, max-image-preview:large, max-video-preview:-1\" \/>\n<link rel=\"canonical\" href=\"https:\/\/private.wearoye.com\/fr\/conditions-d-utilisation\/\" \/>\n<meta property=\"og:locale\" content=\"fr_FR\" \/>\n<meta property=\"og:type\" content=\"article\" \/>\n<meta property=\"og:title\" content=\"Conditions d&#039;utilisation - WearOye\" \/>\n<meta property=\"og:description\" content=\"Conditions d&rsquo;utilisation 1. Acceptation des conditions En acc\u00e9dant \u00e0 et en passant une commande sur wearoye.com, vous confirmez avoir lu, compris et accept\u00e9 les pr\u00e9sentes Conditions d&rsquo;utilisation.Si vous n&rsquo;acceptez pas ces conditions, veuillez ne pas utiliser notre site. 2. \u00c0 propos d\u2019OY\u00c9 OY\u00c9 (signifiant \u00ab Pouvoir \u00bb en Yoruba) est une marque canadienne de mode...\" \/>\n<meta property=\"og:url\" content=\"https:\/\/private.wearoye.com\/fr\/conditions-d-utilisation\/\" \/>\n<meta property=\"og:site_name\" content=\"WearOye\" \/>\n<meta property=\"article:publisher\" content=\"https:\/\/www.facebook.com\/kidswearoye\/\" \/>\n<meta property=\"article:modified_time\" content=\"2026-04-20T17:41:37+00:00\" \/>\n<meta property=\"og:image\" content=\"https:\/\/private.wearoye.com\/wp-content\/uploads\/2025\/06\/Artboard-2-copy-8-8.png\" \/>\n\t<meta property=\"og:image:width\" content=\"978\" \/>\n\t<meta property=\"og:image:height\" content=\"550\" \/>\n\t<meta property=\"og:image:type\" content=\"image\/png\" \/>\n<meta name=\"twitter:card\" content=\"summary_large_image\" \/>\n<meta name=\"twitter:label1\" content=\"Dur\u00e9e de lecture estim\u00e9e\" \/>\n\t<meta name=\"twitter:data1\" content=\"4 minutes\" \/>\n<script type=\"application\/ld+json\" class=\"yoast-schema-graph\">{\"@context\":\"https:\/\/schema.org\",\"@graph\":[{\"@type\":\"WebPage\",\"@id\":\"https:\/\/private.wearoye.com\/fr\/conditions-d-utilisation\/\",\"url\":\"https:\/\/private.wearoye.com\/fr\/conditions-d-utilisation\/\",\"name\":\"Conditions d'utilisation - WearOye\",\"isPartOf\":{\"@id\":\"https:\/\/private.wearoye.com\/fr\/#website\"},\"primaryImageOfPage\":{\"@id\":\"https:\/\/private.wearoye.com\/fr\/conditions-d-utilisation\/#primaryimage\"},\"image\":{\"@id\":\"https:\/\/private.wearoye.com\/fr\/conditions-d-utilisation\/#primaryimage\"},\"thumbnailUrl\":\"https:\/\/private.wearoye.com\/wp-content\/uploads\/2025\/06\/Artboard-2-copy-8-8.png\",\"datePublished\":\"2025-07-04T18:31:42+00:00\",\"dateModified\":\"2026-04-20T17:41:37+00:00\",\"breadcrumb\":{\"@id\":\"https:\/\/private.wearoye.com\/fr\/conditions-d-utilisation\/#breadcrumb\"},\"inLanguage\":\"fr-FR\",\"potentialAction\":[{\"@type\":\"ReadAction\",\"target\":[\"https:\/\/private.wearoye.com\/fr\/conditions-d-utilisation\/\"]}]},{\"@type\":\"ImageObject\",\"inLanguage\":\"fr-FR\",\"@id\":\"https:\/\/private.wearoye.com\/fr\/conditions-d-utilisation\/#primaryimage\",\"url\":\"https:\/\/private.wearoye.com\/wp-content\/uploads\/2025\/06\/Artboard-2-copy-8-8.png\",\"contentUrl\":\"https:\/\/private.wearoye.com\/wp-content\/uploads\/2025\/06\/Artboard-2-copy-8-8.png\",\"width\":978,\"height\":550},{\"@type\":\"BreadcrumbList\",\"@id\":\"https:\/\/private.wearoye.com\/fr\/conditions-d-utilisation\/#breadcrumb\",\"itemListElement\":[{\"@type\":\"ListItem\",\"position\":1,\"name\":\"Home\",\"item\":\"https:\/\/private.wearoye.com\/fr\/\"},{\"@type\":\"ListItem\",\"position\":2,\"name\":\"Conditions d&#8217;utilisation\"}]},{\"@type\":\"WebSite\",\"@id\":\"https:\/\/private.wearoye.com\/fr\/#website\",\"url\":\"https:\/\/private.wearoye.com\/fr\/\",\"name\":\"WearOye\",\"description\":\"Power of Living Young\",\"publisher\":{\"@id\":\"https:\/\/private.wearoye.com\/fr\/#organization\"},\"potentialAction\":[{\"@type\":\"SearchAction\",\"target\":{\"@type\":\"EntryPoint\",\"urlTemplate\":\"https:\/\/private.wearoye.com\/fr\/?s={search_term_string}\"},\"query-input\":{\"@type\":\"PropertyValueSpecification\",\"valueRequired\":true,\"valueName\":\"search_term_string\"}}],\"inLanguage\":\"fr-FR\"},{\"@type\":\"Organization\",\"@id\":\"https:\/\/private.wearoye.com\/fr\/#organization\",\"name\":\"WearOye\",\"url\":\"https:\/\/private.wearoye.com\/fr\/\",\"logo\":{\"@type\":\"ImageObject\",\"inLanguage\":\"fr-FR\",\"@id\":\"https:\/\/private.wearoye.com\/fr\/#\/schema\/logo\/image\/\",\"url\":\"https:\/\/private.wearoye.com\/wp-content\/uploads\/2025\/06\/Artboard-2-copy-8-8.png\",\"contentUrl\":\"https:\/\/private.wearoye.com\/wp-content\/uploads\/2025\/06\/Artboard-2-copy-8-8.png\",\"width\":978,\"height\":550,\"caption\":\"WearOye\"},\"image\":{\"@id\":\"https:\/\/private.wearoye.com\/fr\/#\/schema\/logo\/image\/\"},\"sameAs\":[\"https:\/\/www.facebook.com\/kidswearoye\/\",\"https:\/\/www.instagram.com\/kidswearoye\/\"]}]}<\/script>\n<!-- \/ Yoast SEO plugin. -->","yoast_head_json":{"title":"Conditions d'utilisation - WearOye","robots":{"index":"index","follow":"follow","max-snippet":"max-snippet:-1","max-image-preview":"max-image-preview:large","max-video-preview":"max-video-preview:-1"},"canonical":"https:\/\/private.wearoye.com\/fr\/conditions-d-utilisation\/","og_locale":"fr_FR","og_type":"article","og_title":"Conditions d'utilisation - WearOye","og_description":"Conditions d&rsquo;utilisation 1. Acceptation des conditions En acc\u00e9dant \u00e0 et en passant une commande sur wearoye.com, vous confirmez avoir lu, compris et accept\u00e9 les pr\u00e9sentes Conditions d&rsquo;utilisation.Si vous n&rsquo;acceptez pas ces conditions, veuillez ne pas utiliser notre site. 2. \u00c0 propos d\u2019OY\u00c9 OY\u00c9 (signifiant \u00ab Pouvoir \u00bb en Yoruba) est une marque canadienne de mode...","og_url":"https:\/\/private.wearoye.com\/fr\/conditions-d-utilisation\/","og_site_name":"WearOye","article_publisher":"https:\/\/www.facebook.com\/kidswearoye\/","article_modified_time":"2026-04-20T17:41:37+00:00","og_image":[{"width":978,"height":550,"url":"https:\/\/private.wearoye.com\/wp-content\/uploads\/2025\/06\/Artboard-2-copy-8-8.png","type":"image\/png"}],"twitter_card":"summary_large_image","twitter_misc":{"Dur\u00e9e de lecture estim\u00e9e":"4 minutes"},"schema":{"@context":"https:\/\/schema.org","@graph":[{"@type":"WebPage","@id":"https:\/\/private.wearoye.com\/fr\/conditions-d-utilisation\/","url":"https:\/\/private.wearoye.com\/fr\/conditions-d-utilisation\/","name":"Conditions d'utilisation - WearOye","isPartOf":{"@id":"https:\/\/private.wearoye.com\/fr\/#website"},"primaryImageOfPage":{"@id":"https:\/\/private.wearoye.com\/fr\/conditions-d-utilisation\/#primaryimage"},"image":{"@id":"https:\/\/private.wearoye.com\/fr\/conditions-d-utilisation\/#primaryimage"},"thumbnailUrl":"https:\/\/private.wearoye.com\/wp-content\/uploads\/2025\/06\/Artboard-2-copy-8-8.png","datePublished":"2025-07-04T18:31:42+00:00","dateModified":"2026-04-20T17:41:37+00:00","breadcrumb":{"@id":"https:\/\/private.wearoye.com\/fr\/conditions-d-utilisation\/#breadcrumb"},"inLanguage":"fr-FR","potentialAction":[{"@type":"ReadAction","target":["https:\/\/private.wearoye.com\/fr\/conditions-d-utilisation\/"]}]},{"@type":"ImageObject","inLanguage":"fr-FR","@id":"https:\/\/private.wearoye.com\/fr\/conditions-d-utilisation\/#primaryimage","url":"https:\/\/private.wearoye.com\/wp-content\/uploads\/2025\/06\/Artboard-2-copy-8-8.png","contentUrl":"https:\/\/private.wearoye.com\/wp-content\/uploads\/2025\/06\/Artboard-2-copy-8-8.png","width":978,"height":550},{"@type":"BreadcrumbList","@id":"https:\/\/private.wearoye.com\/fr\/conditions-d-utilisation\/#breadcrumb","itemListElement":[{"@type":"ListItem","position":1,"name":"Home","item":"https:\/\/private.wearoye.com\/fr\/"},{"@type":"ListItem","position":2,"name":"Conditions d&#8217;utilisation"}]},{"@type":"WebSite","@id":"https:\/\/private.wearoye.com\/fr\/#website","url":"https:\/\/private.wearoye.com\/fr\/","name":"WearOye","description":"Power of Living Young","publisher":{"@id":"https:\/\/private.wearoye.com\/fr\/#organization"},"potentialAction":[{"@type":"SearchAction","target":{"@type":"EntryPoint","urlTemplate":"https:\/\/private.wearoye.com\/fr\/?s={search_term_string}"},"query-input":{"@type":"PropertyValueSpecification","valueRequired":true,"valueName":"search_term_string"}}],"inLanguage":"fr-FR"},{"@type":"Organization","@id":"https:\/\/private.wearoye.com\/fr\/#organization","name":"WearOye","url":"https:\/\/private.wearoye.com\/fr\/","logo":{"@type":"ImageObject","inLanguage":"fr-FR","@id":"https:\/\/private.wearoye.com\/fr\/#\/schema\/logo\/image\/","url":"https:\/\/private.wearoye.com\/wp-content\/uploads\/2025\/06\/Artboard-2-copy-8-8.png","contentUrl":"https:\/\/private.wearoye.com\/wp-content\/uploads\/2025\/06\/Artboard-2-copy-8-8.png","width":978,"height":550,"caption":"WearOye"},"image":{"@id":"https:\/\/private.wearoye.com\/fr\/#\/schema\/logo\/image\/"},"sameAs":["https:\/\/www.facebook.com\/kidswearoye\/","https:\/\/www.instagram.com\/kidswearoye\/"]}]}},"jetpack_sharing_enabled":true,"_links":{"self":[{"href":"https:\/\/private.wearoye.com\/fr\/wp-json\/wp\/v2\/pages\/38463","targetHints":{"allow":["GET"]}}],"collection":[{"href":"https:\/\/private.wearoye.com\/fr\/wp-json\/wp\/v2\/pages"}],"about":[{"href":"https:\/\/private.wearoye.com\/fr\/wp-json\/wp\/v2\/types\/page"}],"author":[{"embeddable":true,"href":"https:\/\/private.wearoye.com\/fr\/wp-json\/wp\/v2\/users\/1"}],"replies":[{"embeddable":true,"href":"https:\/\/private.wearoye.com\/fr\/wp-json\/wp\/v2\/comments?post=38463"}],"version-history":[{"count":8,"href":"https:\/\/private.wearoye.com\/fr\/wp-json\/wp\/v2\/pages\/38463\/revisions"}],"predecessor-version":[{"id":39143,"href":"https:\/\/private.wearoye.com\/fr\/wp-json\/wp\/v2\/pages\/38463\/revisions\/39143"}],"wp:featuredmedia":[{"embeddable":true,"href":"https:\/\/private.wearoye.com\/fr\/wp-json\/wp\/v2\/media\/38462"}],"wp:attachment":[{"href":"https:\/\/private.wearoye.com\/fr\/wp-json\/wp\/v2\/media?parent=38463"}],"curies":[{"name":"wp","href":"https:\/\/api.w.org\/{rel}","templated":true}]}}